{"id":5,"date":"2015-11-02T14:29:01","date_gmt":"2015-11-02T14:29:01","guid":{"rendered":"http:\/\/piquant.mikado-themes.com\/?page_id=5"},"modified":"2021-01-21T22:23:56","modified_gmt":"2021-01-21T22:23:56","slug":"home-1","status":"publish","type":"page","link":"https:\/\/guerilla.pt\/menus\/","title":{"rendered":"Home"},"content":{"rendered":"<div class=\"wpb-content-wrapper\"><p>[vc_row content_width=&#8221;grid&#8221; css=&#8221;.vc_custom_1610648679491{background-position: 0 0 !important;background-repeat: no-repeat !important;}&#8221;][vc_column][vc_row_inner enable_row_overlap=&#8221;yes&#8221; overlap_size=&#8221;&#8221; use_row_box=&#8221;yes&#8221; css=&#8221;.vc_custom_1447327728537{padding-top: 60px !important;padding-bottom: 15px !important;background-color: #ffffff !important;}&#8221;][vc_column_inner width=&#8221;1\/3&#8243;][vc_single_image image=&#8221;5170&#8243; img_size=&#8221;full&#8221;][vc_empty_space height=&#8221;22px&#8221;][vc_column_text]<\/p>\n<h4>Um Cl\u00e1ssico \u00e9 um Cl\u00e1ssico<\/h4>\n<p>[\/vc_column_text][vc_empty_space height=&#8221;11px&#8221;][vc_column_text]Se n\u00e3o provaste o nosso Cl\u00e1ssico ent\u00e3o tens de nos visitar. Carne de qualidade com um sabor incr\u00edvel que te vai deixar a salivar.[\/vc_column_text][vc_empty_space height=&#8221;40px&#8221;][\/vc_column_inner][vc_column_inner width=&#8221;1\/3&#8243;][vc_single_image image=&#8221;5147&#8243; img_size=&#8221;full&#8221;][vc_empty_space height=&#8221;22px&#8221;][vc_column_text]<\/p>\n<h4>O mais novo<\/h4>\n<p>[\/vc_column_text][vc_empty_space height=&#8221;11px&#8221;][vc_column_text]A pedido dos nossos clientes, decidimos criar o Prego no Prato e o sucesso tem sido enorme. Visita-nos e j\u00e1 sabes o que pedir.[\/vc_column_text][vc_empty_space height=&#8221;40px&#8221;][\/vc_column_inner][vc_column_inner width=&#8221;1\/3&#8243;][vc_single_image image=&#8221;5152&#8243; img_size=&#8221;full&#8221;][vc_empty_space height=&#8221;22px&#8221;][vc_column_text]<\/p>\n<h4>Para terminar.<\/h4>\n<p>[\/vc_column_text][vc_empty_space height=&#8221;11px&#8221;][vc_column_text]As nossas sobremesas.. Ai as nossas sobremesas, s\u00e3o t\u00e3o boas que tivemos de as juntar para as poderes provar todas.[\/vc_column_text][vc_empty_space height=&#8221;40px&#8221;][\/vc_column_inner][\/vc_row_inner][vc_row_inner content_aligment=&#8221;center&#8221; enable_row_overlap=&#8221;&#8221; use_row_box=&#8221;&#8221; css=&#8221;.vc_custom_1610753121413{padding-bottom: 100px !important;}&#8221;][vc_column_inner]<a href=\"https:\/\/guerilla.pt\/menus\/menu-3\/\" target=\"_self\" style=\"color: #ffffff;background-color: #000000;font-size: 12px\" class=\"mkdf-btn mkdf-btn-medium mkdf-btn-solid\"  >\n        <span class=\"mkdf-btn-text\">Ver Ementa<\/span>\n<\/a>[\/vc_column_inner][\/vc_row_inner][\/vc_column][\/vc_row][vc_row content_width=&#8221;grid&#8221; header_style=&#8221;mkdf-light-header&#8221; css=&#8221;.vc_custom_1610727266992{padding-top: 60px !important;padding-bottom: 60px !important;background-color: #000000 !important;}&#8221;][vc_column offset=&#8221;vc_col-lg-6 vc_col-md-12&#8243;][vc_empty_space height=&#8221;40px&#8221;][vc_column_text]<\/p>\n<h2><span style=\"color: #ffffff;\">Bem-vindo \u00e0 Casa dos Pregos<\/span><\/h2>\n<p>[\/vc_column_text][vc_empty_space height=&#8221;19px&#8221;][vc_column_text]<\/p>\n<div dir=\"auto\"><span style=\"color: #ffffff;\">A sua decora\u00e7\u00e3o \u00e9 baseada na madeira, bastante vegeta\u00e7\u00e3o e na tinta de ard\u00f3sia, que convida os seus clientes a escrever a giz.<\/span><\/div>\n<div dir=\"auto\"><span style=\"color: #ffffff;\">A casa dos pregos possui uma agrad\u00e1vel esplanada de ver\u00e3o e inverno, um servi\u00e7o de balc\u00e3o a complementar o servi\u00e7o de mesa do restaurante.<\/span><\/div>\n<div dir=\"auto\"><span style=\"color: #ffffff;\">A aposta \u00e9 claramente num conceito de produtos simples de confe\u00e7\u00e3o. A nossa ementa centra-se nos nossos pregos com carne do lombo sempre servidos no bolo do caco, um \u201cp\u00e3o\u201d tipicamente Madeirense. Temos ainda os nossos Hamb\u00fargueres feitos com a nossa carne de qualidade.<\/span><\/div>\n<p>[\/vc_column_text][vc_empty_space height=&#8221;35px&#8221;][\/vc_column][vc_column offset=&#8221;vc_col-lg-6 vc_col-md-12&#8243;][vc_single_image image=&#8221;3289&#8243; img_size=&#8221;full&#8221;][\/vc_column][\/vc_row][vc_row row_type=&#8221;parallax&#8221; content_width=&#8221;grid&#8221; content_aligment=&#8221;center&#8221; full_screen_section_height=&#8221;no&#8221; parallax_background_image=&#8221;36&#8243; css=&#8221;.vc_custom_1446627169911{padding-top: 80px !important;padding-bottom: 33px !important;}&#8221;][vc_column]<div class=\"mkdf-working-hours-holder mkdf-wh-with-frame mkdf-wh-with-bg-image\" >\n\t<div class=\"mkdf-wh-holder-inner\">\n\t\t\t\t\t<div class=\"mkdf-wh-frame\"><\/div>\n\t\t\t<div class=\"mkdf-wh-frame-2\"><\/div>\n\t\t\n\t\t\t\t\t\t\t\t\t\t\t<div class=\"mkdf-wh-title-holder\">\n\t\t\t\t\t\t<h2 class=\"mkdf-wh-title\">HOR\u00c1RIO\t\t\t\t\t\t\t\t\t\t\t\t\t\t\t<span class=\"mkdf-wh-title-accent-word\">FUNCIONAMENTO<\/span>\n\t\t\t\t\t\t\t\t\t\t\t\t\t<\/h2>\n\t\t\t\t\t<\/div>\n\t\t\t\t\n\t\t\t\t\t\t\t<div class=\"mkdf-wh-item clearfix\">\n\t\t\t\t\t<span class=\"mkdf-wh-day\">\n\t\t\t\t\t\t<span class=\"mkdf-wh-icon\">\n\t\t\t\t\t\t\t<span class=\"icon_clock_alt\"><\/span>\n\t\t\t\t\t\t<\/span>\n\t\t\t\t\t\tMonday\t\t\t\t\t<\/span>\n\t\t\t\t\t<span class=\"mkdf-wh-dots\"><span class=\"mkdf-wh-dots-inner\"><\/span><\/span>\n\t\t\t\t\t<span class=\"mkdf-wh-hours\">\n\t\t\t\t\t\t\t\t\t\t\t\t\t<span class=\"mkdf-wh-from\">12h - 15h<\/span>\n\t\t\t\t\t\t\n\t\t\t\t\t\t\t\t\t\t\t\t\t<span class=\"mkdf-wh-delimiter\">-<\/span>\n\t\t\t\t\t\t\t<span class=\"mkdf-wh-to\">19h - 23h<\/span>\n\t\t\t\t\t\t\t\t\t\t\t<\/span>\n\t\t\t\t<\/div>\n\t\t\t\t\t\t\t<div class=\"mkdf-wh-item clearfix\">\n\t\t\t\t\t<span class=\"mkdf-wh-day\">\n\t\t\t\t\t\t<span class=\"mkdf-wh-icon\">\n\t\t\t\t\t\t\t<span class=\"icon_clock_alt\"><\/span>\n\t\t\t\t\t\t<\/span>\n\t\t\t\t\t\tTuesday\t\t\t\t\t<\/span>\n\t\t\t\t\t<span class=\"mkdf-wh-dots\"><span class=\"mkdf-wh-dots-inner\"><\/span><\/span>\n\t\t\t\t\t<span class=\"mkdf-wh-hours\">\n\t\t\t\t\t\t\t\t\t\t\t\t\t<span class=\"mkdf-wh-from\">12h - 15h<\/span>\n\t\t\t\t\t\t\n\t\t\t\t\t\t\t\t\t\t\t\t\t<span class=\"mkdf-wh-delimiter\">-<\/span>\n\t\t\t\t\t\t\t<span class=\"mkdf-wh-to\">19h - 23h<\/span>\n\t\t\t\t\t\t\t\t\t\t\t<\/span>\n\t\t\t\t<\/div>\n\t\t\t\t\t\t\t<div class=\"mkdf-wh-item clearfix\">\n\t\t\t\t\t<span class=\"mkdf-wh-day\">\n\t\t\t\t\t\t<span class=\"mkdf-wh-icon\">\n\t\t\t\t\t\t\t<span class=\"icon_clock_alt\"><\/span>\n\t\t\t\t\t\t<\/span>\n\t\t\t\t\t\tWednesday\t\t\t\t\t<\/span>\n\t\t\t\t\t<span class=\"mkdf-wh-dots\"><span class=\"mkdf-wh-dots-inner\"><\/span><\/span>\n\t\t\t\t\t<span class=\"mkdf-wh-hours\">\n\t\t\t\t\t\t\t\t\t\t\t\t\t<span class=\"mkdf-wh-from\">12h - 15h<\/span>\n\t\t\t\t\t\t\n\t\t\t\t\t\t\t\t\t\t\t\t\t<span class=\"mkdf-wh-delimiter\">-<\/span>\n\t\t\t\t\t\t\t<span class=\"mkdf-wh-to\">19h - 23h<\/span>\n\t\t\t\t\t\t\t\t\t\t\t<\/span>\n\t\t\t\t<\/div>\n\t\t\t\t\t\t\t<div class=\"mkdf-wh-item clearfix\">\n\t\t\t\t\t<span class=\"mkdf-wh-day\">\n\t\t\t\t\t\t<span class=\"mkdf-wh-icon\">\n\t\t\t\t\t\t\t<span class=\"icon_clock_alt\"><\/span>\n\t\t\t\t\t\t<\/span>\n\t\t\t\t\t\tThursday\t\t\t\t\t<\/span>\n\t\t\t\t\t<span class=\"mkdf-wh-dots\"><span class=\"mkdf-wh-dots-inner\"><\/span><\/span>\n\t\t\t\t\t<span class=\"mkdf-wh-hours\">\n\t\t\t\t\t\t\t\t\t\t\t\t\t<span class=\"mkdf-wh-from\">12h - 15h<\/span>\n\t\t\t\t\t\t\n\t\t\t\t\t\t\t\t\t\t\t\t\t<span class=\"mkdf-wh-delimiter\">-<\/span>\n\t\t\t\t\t\t\t<span class=\"mkdf-wh-to\">19h - 23h<\/span>\n\t\t\t\t\t\t\t\t\t\t\t<\/span>\n\t\t\t\t<\/div>\n\t\t\t\t\t\t\t<div class=\"mkdf-wh-item clearfix\">\n\t\t\t\t\t<span class=\"mkdf-wh-day\">\n\t\t\t\t\t\t<span class=\"mkdf-wh-icon\">\n\t\t\t\t\t\t\t<span class=\"icon_clock_alt\"><\/span>\n\t\t\t\t\t\t<\/span>\n\t\t\t\t\t\tFriday\t\t\t\t\t<\/span>\n\t\t\t\t\t<span class=\"mkdf-wh-dots\"><span class=\"mkdf-wh-dots-inner\"><\/span><\/span>\n\t\t\t\t\t<span class=\"mkdf-wh-hours\">\n\t\t\t\t\t\t\t\t\t\t\t\t\t<span class=\"mkdf-wh-from\">12h - 15h<\/span>\n\t\t\t\t\t\t\n\t\t\t\t\t\t\t\t\t\t\t\t\t<span class=\"mkdf-wh-delimiter\">-<\/span>\n\t\t\t\t\t\t\t<span class=\"mkdf-wh-to\">19h - 23h<\/span>\n\t\t\t\t\t\t\t\t\t\t\t<\/span>\n\t\t\t\t<\/div>\n\t\t\t\t\t\t\t<div class=\"mkdf-wh-item clearfix\">\n\t\t\t\t\t<span class=\"mkdf-wh-day\">\n\t\t\t\t\t\t<span class=\"mkdf-wh-icon\">\n\t\t\t\t\t\t\t<span class=\"icon_clock_alt\"><\/span>\n\t\t\t\t\t\t<\/span>\n\t\t\t\t\t\tSaturday\t\t\t\t\t<\/span>\n\t\t\t\t\t<span class=\"mkdf-wh-dots\"><span class=\"mkdf-wh-dots-inner\"><\/span><\/span>\n\t\t\t\t\t<span class=\"mkdf-wh-hours\">\n\t\t\t\t\t\t\t\t\t\t\t\t\t<span class=\"mkdf-wh-from\">12h - 15h<\/span>\n\t\t\t\t\t\t\n\t\t\t\t\t\t\t\t\t\t\t\t\t<span class=\"mkdf-wh-delimiter\">-<\/span>\n\t\t\t\t\t\t\t<span class=\"mkdf-wh-to\">19h - 23h<\/span>\n\t\t\t\t\t\t\t\t\t\t\t<\/span>\n\t\t\t\t<\/div>\n\t\t\t\t\t\t\t<div class=\"mkdf-wh-item clearfix\">\n\t\t\t\t\t<span class=\"mkdf-wh-day\">\n\t\t\t\t\t\t<span class=\"mkdf-wh-icon\">\n\t\t\t\t\t\t\t<span class=\"icon_clock_alt\"><\/span>\n\t\t\t\t\t\t<\/span>\n\t\t\t\t\t\tSunday\t\t\t\t\t<\/span>\n\t\t\t\t\t<span class=\"mkdf-wh-dots\"><span class=\"mkdf-wh-dots-inner\"><\/span><\/span>\n\t\t\t\t\t<span class=\"mkdf-wh-hours\">\n\t\t\t\t\t\t\t\t\t\t\t\t\t<span class=\"mkdf-wh-from\">FECHADO<\/span>\n\t\t\t\t\t\t\n\t\t\t\t\t\t\t\t\t\t\t<\/span>\n\t\t\t\t<\/div>\n\t\t\t\t\t\t<\/div>\n<\/div>[\/vc_column][\/vc_row][vc_row content_aligment=&#8221;center&#8221; css=&#8221;.vc_custom_1610753718321{padding-top: 50px !important;padding-bottom: 20px !important;}&#8221;][vc_column][vc_column_text]<\/p>\n<h2>ENCOMENDE NOS NOSSOS PARCEIROS<\/h2>\n<p>[\/vc_column_text][\/vc_column][\/vc_row][vc_row content_width=&#8221;grid&#8221; content_aligment=&#8221;center&#8221; css=&#8221;.vc_custom_1610753575356{padding-top: 60px !important;padding-bottom: 80px !important;}&#8221;][vc_column width=&#8221;1\/3&#8243;][vc_single_image image=&#8221;23&#8243; img_size=&#8221;100&#215;100&#8243; alignment=&#8221;center&#8221; style=&#8221;vc_box_rounded&#8221; onclick=&#8221;custom_link&#8221;][\/vc_column][vc_column width=&#8221;1\/3&#8243;][vc_single_image image=&#8221;22&#8243; img_size=&#8221;100&#215;100&#8243; alignment=&#8221;center&#8221; style=&#8221;vc_box_rounded&#8221; onclick=&#8221;custom_link&#8221;][\/vc_column][vc_column width=&#8221;1\/3&#8243;][vc_single_image image=&#8221;20&#8243; img_size=&#8221;100X100&#8243; alignment=&#8221;center&#8221; style=&#8221;vc_box_rounded&#8221; onclick=&#8221;custom_link&#8221;][\/vc_column][\/vc_row]<\/p>\n<\/div>","protected":false},"excerpt":{"rendered":"<p>[vc_row content_width=&#8221;grid&#8221; css=&#8221;.vc_custom_1610648679491{background-position: 0 0 !important;background-repeat: no-repeat !important;}&#8221;][vc_column][vc_row_inner enable_row_overlap=&#8221;yes&#8221; overlap_size=&#8221;&#8221; use_row_box=&#8221;yes&#8221; css=&#8221;.vc_custom_1447327728537{padding-top: 60px !important;padding-bottom: 15px !important;background-color: #ffffff !important;}&#8221;][vc_column_inner width=&#8221;1\/3&#8243;][vc_single_image image=&#8221;5170&#8243; img_size=&#8221;full&#8221;][vc_empty_space height=&#8221;22px&#8221;][vc_column_text] Um Cl\u00e1ssico \u00e9 um Cl\u00e1ssico [\/vc_column_text][vc_empty_space height=&#8221;11px&#8221;][vc_column_text]Se n\u00e3o provaste o nosso Cl\u00e1ssico ent\u00e3o tens de nos visitar. Carne de qualidade com um sabor&#8230;<\/p>\n","protected":false},"author":1,"featured_media":0,"parent":0,"menu_order":0,"comment_status":"closed","ping_status":"closed","template":"full-width.php","meta":{"footnotes":""},"class_list":["post-5","page","type-page","status-publish","hentry"],"_links":{"self":[{"href":"https:\/\/guerilla.pt\/menus\/wp-json\/wp\/v2\/pages\/5","targetHints":{"allow":["GET"]}}],"collection":[{"href":"https:\/\/guerilla.pt\/menus\/wp-json\/wp\/v2\/pages"}],"about":[{"href":"https:\/\/guerilla.pt\/menus\/wp-json\/wp\/v2\/types\/page"}],"author":[{"embeddable":true,"href":"https:\/\/guerilla.pt\/menus\/wp-json\/wp\/v2\/users\/1"}],"replies":[{"embeddable":true,"href":"https:\/\/guerilla.pt\/menus\/wp-json\/wp\/v2\/comments?post=5"}],"version-history":[{"count":28,"href":"https:\/\/guerilla.pt\/menus\/wp-json\/wp\/v2\/pages\/5\/revisions"}],"predecessor-version":[{"id":5547,"href":"https:\/\/guerilla.pt\/menus\/wp-json\/wp\/v2\/pages\/5\/revisions\/5547"}],"wp:attachment":[{"href":"https:\/\/guerilla.pt\/menus\/wp-json\/wp\/v2\/media?parent=5"}],"curies":[{"name":"wp","href":"https:\/\/api.w.org\/{rel}","templated":true}]}}