{"id":509,"date":"2015-11-04T14:26:35","date_gmt":"2015-11-04T14:26:35","guid":{"rendered":"http:\/\/piquant.mikado-themes.com\/?page_id=509"},"modified":"2021-01-16T19:11:52","modified_gmt":"2021-01-16T19:11:52","slug":"our-services","status":"publish","type":"page","link":"https:\/\/guerilla.pt\/menus\/our-services\/","title":{"rendered":"Sobre N\u00f3s"},"content":{"rendered":"<div class=\"wpb-content-wrapper\"><p>[vc_row content_width=&#8221;grid&#8221; content_aligment=&#8221;center&#8221; css=&#8221;.vc_custom_1610824136675{background-position: 0 0 !important;background-repeat: repeat !important;}&#8221;][vc_column offset=&#8221;vc_col-lg-4 vc_col-md-4&#8243;][vc_single_image image=&#8221;5222&#8243; img_size=&#8221;full&#8221;][vc_empty_space height=&#8221;40px&#8221;][\/vc_column][vc_column offset=&#8221;vc_col-lg-4 vc_col-md-4&#8243;][vc_single_image image=&#8221;5219&#8243; img_size=&#8221;full&#8221;][vc_empty_space height=&#8221;40px&#8221;][\/vc_column][vc_column offset=&#8221;vc_col-lg-4 vc_col-md-4&#8243;][vc_single_image image=&#8221;3289&#8243; img_size=&#8221;full&#8221;][vc_empty_space height=&#8221;40px&#8221;][\/vc_column][\/vc_row][vc_row content_width=&#8221;grid&#8221; content_aligment=&#8221;center&#8221; css=&#8221;.vc_custom_1610824210298{padding-top: 8px !important;padding-bottom: 15px !important;background-position: 0 0 !important;background-repeat: repeat !important;}&#8221;][vc_column][vc_column_text css=&#8221;.vc_custom_1610824102005{padding-right: 12% !important;padding-left: 12% !important;}&#8221;]<\/p>\n<h2 style=\"text-align: left;\">A Casa dos Pregos<\/h2>\n<p>[\/vc_column_text][vc_empty_space height=&#8221;19&#8243;][vc_column_text css=&#8221;.vc_custom_1610824255019{padding-right: 12% !important;padding-left: 12% !important;}&#8221;]<\/p>\n<div dir=\"auto\" style=\"text-align: left;\">A sua decora\u00e7\u00e3o \u00e9 baseada na madeira, bastante vegeta\u00e7\u00e3o e na tinta de ard\u00f3sia, que convida os seus clientes a escrever a giz.<\/div>\n<div dir=\"auto\" style=\"text-align: left;\"><\/div>\n<div dir=\"auto\" style=\"text-align: left;\">A casa dos pregos possui uma agrad\u00e1vel esplanada de ver\u00e3o e inverno, um servi\u00e7o de balc\u00e3o a complementar o servi\u00e7o de mesa do restaurante.<\/div>\n<div dir=\"auto\" style=\"text-align: left;\"><\/div>\n<div dir=\"auto\" style=\"text-align: left;\">A aposta \u00e9 claramente num conceito de produtos simples de confe\u00e7\u00e3o. A nossa ementa centra-se nos nossos pregos com carne do lombo sempre servidos no bolo do caco, um \u201cp\u00e3o\u201d tipicamente Madeirense. Temos ainda os nossos Hamb\u00fargueres feitos com a nossa carne de qualidade.<\/div>\n<div dir=\"auto\" style=\"text-align: left;\"><\/div>\n<div dir=\"auto\" style=\"text-align: left;\">Os nossos pregos foram intitulados com os nomes dos mais usados pregos em ferragem como o Solho, Meio Solho, Ripa, Galeota e o nosso mini prego \u201cPion\u00e9s\u201d. Todos eles com sabores diferenciados e pensados para os mais diferentes gostos dos nossos clientes. O nosso menu de degusta\u00e7\u00e3o \u00e9 composto por todos eles em formato de \u201cpion\u00e9s\u201d. Como alternativa temos ainda uma op\u00e7\u00e3o vegetariana, dois pregos de peixe (Salm\u00e3o e Atum) e um de peito frango.<\/div>\n<div dir=\"auto\" style=\"text-align: left;\"><\/div>\n<div dir=\"auto\" style=\"text-align: left;\">As bebidas, para al\u00e9m dos Vinhos, Gin&#8217;s e Cocktails, aposta-se na sua maioria em bebodas feitas na hora como as nossas limonadas simples, aromatizadas com hortel\u00e3 e picante e laranjadas com pur\u00e9 de morango ou com maracuj\u00e1 e manjeric\u00e3o. Os ch\u00e1s gelados tamb\u00e9m s\u00e3o preparados na hora.<\/div>\n<div dir=\"auto\" style=\"text-align: left;\"><\/div>\n<div dir=\"auto\" style=\"text-align: left;\">As sobremesas, todas caseiras, v\u00e3o do Leite Creme com Tomilho Lim\u00e3o \u00e0s Natas do C\u00e9u, Mousse de Chocolate, Cheese Cake, Bolo de Bolacha.<\/div>\n<p>[\/vc_column_text][vc_empty_space height=&#8221;35&#8243;]<a href=\"https:\/\/guerilla.pt\/menus\/menu-3\/\" target=\"_blank\"  class=\"mkdf-btn mkdf-btn-medium mkdf-btn-black\"  >\n        <span class=\"mkdf-btn-text\">V\u00ea a nossa Ementa<\/span>\n<\/a>[vc_empty_space height=&#8221;40px&#8221;][\/vc_column][\/vc_row]<\/p>\n<\/div>","protected":false},"excerpt":{"rendered":"<p>[vc_row content_width=&#8221;grid&#8221; content_aligment=&#8221;center&#8221; css=&#8221;.vc_custom_1610824136675{background-position: 0 0 !important;background-repeat: repeat !important;}&#8221;][vc_column offset=&#8221;vc_col-lg-4 vc_col-md-4&#8243;][vc_single_image image=&#8221;5222&#8243; img_size=&#8221;full&#8221;][vc_empty_space height=&#8221;40px&#8221;][\/vc_column][vc_column offset=&#8221;vc_col-lg-4 vc_col-md-4&#8243;][vc_single_image image=&#8221;5219&#8243; img_size=&#8221;full&#8221;][vc_empty_space height=&#8221;40px&#8221;][\/vc_column][vc_column offset=&#8221;vc_col-lg-4 vc_col-md-4&#8243;][vc_single_image image=&#8221;3289&#8243; img_size=&#8221;full&#8221;][vc_empty_space height=&#8221;40px&#8221;][\/vc_column][\/vc_row][vc_row content_width=&#8221;grid&#8221; content_aligment=&#8221;center&#8221; css=&#8221;.vc_custom_1610824210298{padding-top: 8px !important;padding-bottom: 15px !important;background-position: 0 0 !important;background-repeat: repeat !important;}&#8221;][vc_column][vc_column_text css=&#8221;.vc_custom_1610824102005{padding-right: 12% !important;padding-left: 12% !important;}&#8221;] A Casa dos Pregos&#8230;<\/p>\n","protected":false},"author":1,"featured_media":0,"parent":0,"menu_order":0,"comment_status":"closed","ping_status":"closed","template":"","meta":{"footnotes":""},"class_list":["post-509","page","type-page","status-publish","hentry"],"_links":{"self":[{"href":"https:\/\/guerilla.pt\/menus\/wp-json\/wp\/v2\/pages\/509","targetHints":{"allow":["GET"]}}],"collection":[{"href":"https:\/\/guerilla.pt\/menus\/wp-json\/wp\/v2\/pages"}],"about":[{"href":"https:\/\/guerilla.pt\/menus\/wp-json\/wp\/v2\/types\/page"}],"author":[{"embeddable":true,"href":"https:\/\/guerilla.pt\/menus\/wp-json\/wp\/v2\/users\/1"}],"replies":[{"embeddable":true,"href":"https:\/\/guerilla.pt\/menus\/wp-json\/wp\/v2\/comments?post=509"}],"version-history":[{"count":12,"href":"https:\/\/guerilla.pt\/menus\/wp-json\/wp\/v2\/pages\/509\/revisions"}],"predecessor-version":[{"id":5258,"href":"https:\/\/guerilla.pt\/menus\/wp-json\/wp\/v2\/pages\/509\/revisions\/5258"}],"wp:attachment":[{"href":"https:\/\/guerilla.pt\/menus\/wp-json\/wp\/v2\/media?parent=509"}],"curies":[{"name":"wp","href":"https:\/\/api.w.org\/{rel}","templated":true}]}}